{"id":2,"date":"2021-02-11T22:54:40","date_gmt":"2021-02-11T21:54:40","guid":{"rendered":"http:\/\/cloetann.be\/?page_id=2"},"modified":"2025-09-22T23:53:50","modified_gmt":"2025-09-22T21:53:50","slug":"contact","status":"publish","type":"page","link":"https:\/\/cloetann.be\/index.php\/contact\/","title":{"rendered":"Me contacter"},"content":{"rendered":"\n<p class=\"has-text-color has-large-font-size\" style=\"color:#ad4748\">POUR ME CONTACTER<\/p>\n\n\n\n<p class=\"has-black-color has-text-color\"><strong>Adresse:<\/strong><\/p>\n\n\n\n<p><strong>Centre Administratif de Mouscron <\/strong><br>Rue de Courtrai, 63 &#8211; 7700 Mouscron<\/p>\n\n\n\n<p><strong>Adresse Email:<\/strong><\/p>\n\n\n\n<p class=\"has-text-color\" style=\"color:#ad4748\"><a href=\"mailto:ann.cloet@mouscron.be\" target=\"_blank\" rel=\"noreferrer noopener\">ann.cloet@mouscron.be<\/a><\/p>\n\n\n\n<p><a href=\"mailto:bourgmestre@mouscron.be\">bourgmestre@mouscron.be<\/a><\/p>\n\n\n\n<p><strong>Permanences (rendez-vous possibles via le e-guichet)<\/strong><br>MOUSCRON<br>1er et 3\u00e8me mardis du mois de 14h \u00e0 16h15<br>2\u00e8me mardi du mois de 14h \u00e0 16h15 (\u00e0 partir du 11\/03)<\/p>\n\n\n\n<p>LUINGNE<br>4\u00e8me jeudi du mois de 14h \u00e0 15h30<\/p>\n\n\n\n<p>HERSEAUX et DOTTIGNIES<br>suspendues pour cause de travaux<\/p>\n\n\n\n<p><strong>Envoyez votre demande via le formulaire ci-dessous<\/strong><\/p>\n\n\n\n<div class=\"wp-block-group\"><div class=\"wp-block-group__inner-container is-layout-flow wp-block-group-is-layout-flow\">\n<div class=\"wp-block-columns alignwide is-layout-flex wp-container-core-columns-is-layout-9d6595d7 wp-block-columns-is-layout-flex\">\n<div class=\"wp-block-column is-layout-flow wp-block-column-is-layout-flow\"><\/div>\n<\/div>\n<\/div><\/div>\n\n\n\n<div class=\"wp-block-columns is-layout-flex wp-container-core-columns-is-layout-9d6595d7 wp-block-columns-is-layout-flex\">\n<div class=\"wp-block-column is-layout-flow wp-block-column-is-layout-flow\" style=\"flex-basis:100%\">\n<div class=\"wp-block-contact-form-7-contact-form-selector\">\n<div class=\"wpcf7 no-js\" id=\"wpcf7-f366-o1\" lang=\"fr-FR\" dir=\"ltr\" data-wpcf7-id=\"366\">\n<div class=\"screen-reader-response\"><p role=\"status\" aria-live=\"polite\" aria-atomic=\"true\"><\/p> <ul><\/ul><\/div>\n<form action=\"\/index.php\/wp-json\/wp\/v2\/pages\/2#wpcf7-f366-o1\" method=\"post\" class=\"wpcf7-form init\" aria-label=\"Formulaire de contact\" novalidate=\"novalidate\" data-status=\"init\">\n<fieldset class=\"hidden-fields-container\"><input type=\"hidden\" name=\"_wpcf7\" value=\"366\" \/><input type=\"hidden\" name=\"_wpcf7_version\" value=\"6.1.5\" \/><input type=\"hidden\" name=\"_wpcf7_locale\" value=\"fr_FR\" \/><input type=\"hidden\" name=\"_wpcf7_unit_tag\" value=\"wpcf7-f366-o1\" \/><input type=\"hidden\" name=\"_wpcf7_container_post\" value=\"0\" \/><input type=\"hidden\" name=\"_wpcf7_posted_data_hash\" value=\"\" \/><input type=\"hidden\" name=\"_wpcf7_recaptcha_response\" value=\"\" \/>\n<\/fieldset>\n<p><label> Votre nom<br \/>\n<span class=\"wpcf7-form-control-wrap\" data-name=\"your-name\"><input size=\"40\" maxlength=\"400\" class=\"wpcf7-form-control wpcf7-text wpcf7-validates-as-required\" aria-required=\"true\" aria-invalid=\"false\" value=\"\" type=\"text\" name=\"your-name\" \/><\/span> <\/label>\n<\/p>\n<p><label> Votre e-mail<br \/>\n<span class=\"wpcf7-form-control-wrap\" data-name=\"your-email\"><input size=\"40\" maxlength=\"400\" class=\"wpcf7-form-control wpcf7-email wpcf7-validates-as-required wpcf7-text wpcf7-validates-as-email\" aria-required=\"true\" aria-invalid=\"false\" value=\"\" type=\"email\" name=\"your-email\" \/><\/span> <\/label>\n<\/p>\n<p><label> Objet<br \/>\n<span class=\"wpcf7-form-control-wrap\" data-name=\"your-subject\"><input size=\"40\" maxlength=\"400\" class=\"wpcf7-form-control wpcf7-text wpcf7-validates-as-required\" aria-required=\"true\" aria-invalid=\"false\" value=\"\" type=\"text\" name=\"your-subject\" \/><\/span> <\/label>\n<\/p>\n<p><label> Votre message (facultatif)<br \/>\n<span class=\"wpcf7-form-control-wrap\" data-name=\"your-message\"><textarea cols=\"40\" rows=\"10\" maxlength=\"2000\" class=\"wpcf7-form-control wpcf7-textarea\" aria-invalid=\"false\" name=\"your-message\"><\/textarea><\/span> <\/label>\n<\/p>\n<p><input class=\"wpcf7-form-control wpcf7-submit has-spinner\" type=\"submit\" value=\"Envoyer\" \/>\n<\/p><p style=\"display: none !important;\" class=\"akismet-fields-container\" data-prefix=\"_wpcf7_ak_\"><label>&#916;<textarea name=\"_wpcf7_ak_hp_textarea\" cols=\"45\" rows=\"8\" maxlength=\"100\"><\/textarea><\/label><input type=\"hidden\" id=\"ak_js_1\" name=\"_wpcf7_ak_js\" value=\"223\"\/><script>document.getElementById( \"ak_js_1\" ).setAttribute( \"value\", ( new Date() ).getTime() );<\/script><\/p><div class=\"wpcf7-response-output\" aria-hidden=\"true\"><\/div>\n<\/form>\n<\/div>\n<\/div>\n<\/div>\n<\/div>\n","protected":false},"excerpt":{"rendered":"<p>POUR ME CONTACTER Adresse: Centre Administratif de Mouscron Rue de Courtrai, 63 &#8211; 7700 Mouscron Adresse Email: ann.cloet@mouscron.be bourgmestre@mouscron.be Permanences (rendez-vous possibles via le e-guichet)MOUSCRON1er et 3\u00e8me mardis du mois de 14h \u00e0 16h152\u00e8me mardi du mois de 14h \u00e0 16h15 (\u00e0 partir du 11\/03) LUINGNE4\u00e8me jeudi du mois de 14h \u00e0 15h30 HERSEAUX et [&hellip;]<\/p>\n","protected":false},"author":1,"featured_media":0,"parent":0,"menu_order":0,"comment_status":"closed","ping_status":"open","template":"","meta":{"footnotes":""},"class_list":["post-2","page","type-page","status-publish","hentry"],"yoast_head":"<!-- This site is optimized with the Yoast SEO plugin v27.3 - https:\/\/yoast.com\/product\/yoast-seo-wordpress\/ -->\n<title>Me contacter - Ann Cloet<\/title>\n<meta name=\"robots\" content=\"index, follow, max-snippet:-1, max-image-preview:large, max-video-preview:-1\" \/>\n<link rel=\"canonical\" href=\"http:\/\/cloetann.be\/index.php\/contact\/\" \/>\n<meta property=\"og:locale\" content=\"fr_FR\" \/>\n<meta property=\"og:type\" content=\"article\" \/>\n<meta property=\"og:title\" content=\"Me contacter - Ann Cloet\" \/>\n<meta property=\"og:description\" content=\"POUR ME CONTACTER Adresse: Centre Administratif de Mouscron Rue de Courtrai, 63 &#8211; 7700 Mouscron Adresse Email: ann.cloet@mouscron.be bourgmestre@mouscron.be Permanences (rendez-vous possibles via le e-guichet)MOUSCRON1er et 3\u00e8me mardis du mois de 14h \u00e0 16h152\u00e8me mardi du mois de 14h \u00e0 16h15 (\u00e0 partir du 11\/03) LUINGNE4\u00e8me jeudi du mois de 14h \u00e0 15h30 HERSEAUX et [&hellip;]\" \/>\n<meta property=\"og:url\" content=\"http:\/\/cloetann.be\/index.php\/contact\/\" \/>\n<meta property=\"og:site_name\" content=\"Ann Cloet\" \/>\n<meta property=\"article:publisher\" content=\"https:\/\/www.facebook.com\/Cloet.Ann.Mouscron\" \/>\n<meta property=\"article:modified_time\" content=\"2025-09-22T21:53:50+00:00\" \/>\n<meta property=\"og:image\" content=\"https:\/\/i0.wp.com\/cloetann.be\/wp-content\/uploads\/2021\/02\/cropped-cropped-75627433_3247515158623225_8207983927755800576_o.jpg?fit=280%2C280&ssl=1\" \/>\n\t<meta property=\"og:image:width\" content=\"280\" \/>\n\t<meta property=\"og:image:height\" content=\"280\" \/>\n\t<meta property=\"og:image:type\" content=\"image\/jpeg\" \/>\n<meta name=\"twitter:card\" content=\"summary_large_image\" \/>\n<meta name=\"twitter:label1\" content=\"Dur\u00e9e de lecture estim\u00e9e\" \/>\n\t<meta name=\"twitter:data1\" content=\"1 minute\" \/>\n<script type=\"application\/ld+json\" class=\"yoast-schema-graph\">{\"@context\":\"https:\\\/\\\/schema.org\",\"@graph\":[{\"@type\":\"WebPage\",\"@id\":\"http:\\\/\\\/cloetann.be\\\/index.php\\\/contact\\\/\",\"url\":\"http:\\\/\\\/cloetann.be\\\/index.php\\\/contact\\\/\",\"name\":\"Me contacter - Ann Cloet\",\"isPartOf\":{\"@id\":\"https:\\\/\\\/cloetann.be\\\/#website\"},\"datePublished\":\"2021-02-11T21:54:40+00:00\",\"dateModified\":\"2025-09-22T21:53:50+00:00\",\"breadcrumb\":{\"@id\":\"http:\\\/\\\/cloetann.be\\\/index.php\\\/contact\\\/#breadcrumb\"},\"inLanguage\":\"fr-FR\",\"potentialAction\":[{\"@type\":\"ReadAction\",\"target\":[\"http:\\\/\\\/cloetann.be\\\/index.php\\\/contact\\\/\"]}]},{\"@type\":\"BreadcrumbList\",\"@id\":\"http:\\\/\\\/cloetann.be\\\/index.php\\\/contact\\\/#breadcrumb\",\"itemListElement\":[{\"@type\":\"ListItem\",\"position\":1,\"name\":\"Accueil\",\"item\":\"https:\\\/\\\/cloetann.be\\\/\"},{\"@type\":\"ListItem\",\"position\":2,\"name\":\"Me contacter\"}]},{\"@type\":\"WebSite\",\"@id\":\"https:\\\/\\\/cloetann.be\\\/#website\",\"url\":\"https:\\\/\\\/cloetann.be\\\/\",\"name\":\"Ann Cloet\",\"description\":\"BOURGMESTRE DE LA VILLE DE MOUSCRON\",\"publisher\":{\"@id\":\"https:\\\/\\\/cloetann.be\\\/#\\\/schema\\\/person\\\/a9790c5c4b26a2ff52ef00cac93e2630\"},\"potentialAction\":[{\"@type\":\"SearchAction\",\"target\":{\"@type\":\"EntryPoint\",\"urlTemplate\":\"https:\\\/\\\/cloetann.be\\\/?s={search_term_string}\"},\"query-input\":{\"@type\":\"PropertyValueSpecification\",\"valueRequired\":true,\"valueName\":\"search_term_string\"}}],\"inLanguage\":\"fr-FR\"},{\"@type\":[\"Person\",\"Organization\"],\"@id\":\"https:\\\/\\\/cloetann.be\\\/#\\\/schema\\\/person\\\/a9790c5c4b26a2ff52ef00cac93e2630\",\"name\":\"Ann Cloet\",\"image\":{\"@type\":\"ImageObject\",\"inLanguage\":\"fr-FR\",\"@id\":\"https:\\\/\\\/i0.wp.com\\\/cloetann.be\\\/wp-content\\\/uploads\\\/2024\\\/12\\\/cropped-468530042_600283475850416_3423630772068109783_n-1-1.jpg?fit=280%2C284&ssl=1\",\"url\":\"https:\\\/\\\/i0.wp.com\\\/cloetann.be\\\/wp-content\\\/uploads\\\/2024\\\/12\\\/cropped-468530042_600283475850416_3423630772068109783_n-1-1.jpg?fit=280%2C284&ssl=1\",\"contentUrl\":\"https:\\\/\\\/i0.wp.com\\\/cloetann.be\\\/wp-content\\\/uploads\\\/2024\\\/12\\\/cropped-468530042_600283475850416_3423630772068109783_n-1-1.jpg?fit=280%2C284&ssl=1\",\"width\":280,\"height\":284,\"caption\":\"Ann Cloet\"},\"logo\":{\"@id\":\"https:\\\/\\\/i0.wp.com\\\/cloetann.be\\\/wp-content\\\/uploads\\\/2024\\\/12\\\/cropped-468530042_600283475850416_3423630772068109783_n-1-1.jpg?fit=280%2C284&ssl=1\"},\"description\":\"Future bourgmestre \u00e0 la ville de Mouscron\",\"sameAs\":[\"http:\\\/\\\/cloetann.be\",\"https:\\\/\\\/www.facebook.com\\\/Cloet.Ann.Mouscron\"]}]}<\/script>\n<!-- \/ Yoast SEO plugin. -->","yoast_head_json":{"title":"Me contacter - Ann Cloet","robots":{"index":"index","follow":"follow","max-snippet":"max-snippet:-1","max-image-preview":"max-image-preview:large","max-video-preview":"max-video-preview:-1"},"canonical":"http:\/\/cloetann.be\/index.php\/contact\/","og_locale":"fr_FR","og_type":"article","og_title":"Me contacter - Ann Cloet","og_description":"POUR ME CONTACTER Adresse: Centre Administratif de Mouscron Rue de Courtrai, 63 &#8211; 7700 Mouscron Adresse Email: ann.cloet@mouscron.be bourgmestre@mouscron.be Permanences (rendez-vous possibles via le e-guichet)MOUSCRON1er et 3\u00e8me mardis du mois de 14h \u00e0 16h152\u00e8me mardi du mois de 14h \u00e0 16h15 (\u00e0 partir du 11\/03) LUINGNE4\u00e8me jeudi du mois de 14h \u00e0 15h30 HERSEAUX et [&hellip;]","og_url":"http:\/\/cloetann.be\/index.php\/contact\/","og_site_name":"Ann Cloet","article_publisher":"https:\/\/www.facebook.com\/Cloet.Ann.Mouscron","article_modified_time":"2025-09-22T21:53:50+00:00","og_image":[{"width":280,"height":280,"url":"https:\/\/i0.wp.com\/cloetann.be\/wp-content\/uploads\/2021\/02\/cropped-cropped-75627433_3247515158623225_8207983927755800576_o.jpg?fit=280%2C280&ssl=1","type":"image\/jpeg"}],"twitter_card":"summary_large_image","twitter_misc":{"Dur\u00e9e de lecture estim\u00e9e":"1 minute"},"schema":{"@context":"https:\/\/schema.org","@graph":[{"@type":"WebPage","@id":"http:\/\/cloetann.be\/index.php\/contact\/","url":"http:\/\/cloetann.be\/index.php\/contact\/","name":"Me contacter - Ann Cloet","isPartOf":{"@id":"https:\/\/cloetann.be\/#website"},"datePublished":"2021-02-11T21:54:40+00:00","dateModified":"2025-09-22T21:53:50+00:00","breadcrumb":{"@id":"http:\/\/cloetann.be\/index.php\/contact\/#breadcrumb"},"inLanguage":"fr-FR","potentialAction":[{"@type":"ReadAction","target":["http:\/\/cloetann.be\/index.php\/contact\/"]}]},{"@type":"BreadcrumbList","@id":"http:\/\/cloetann.be\/index.php\/contact\/#breadcrumb","itemListElement":[{"@type":"ListItem","position":1,"name":"Accueil","item":"https:\/\/cloetann.be\/"},{"@type":"ListItem","position":2,"name":"Me contacter"}]},{"@type":"WebSite","@id":"https:\/\/cloetann.be\/#website","url":"https:\/\/cloetann.be\/","name":"Ann Cloet","description":"BOURGMESTRE DE LA VILLE DE MOUSCRON","publisher":{"@id":"https:\/\/cloetann.be\/#\/schema\/person\/a9790c5c4b26a2ff52ef00cac93e2630"},"potentialAction":[{"@type":"SearchAction","target":{"@type":"EntryPoint","urlTemplate":"https:\/\/cloetann.be\/?s={search_term_string}"},"query-input":{"@type":"PropertyValueSpecification","valueRequired":true,"valueName":"search_term_string"}}],"inLanguage":"fr-FR"},{"@type":["Person","Organization"],"@id":"https:\/\/cloetann.be\/#\/schema\/person\/a9790c5c4b26a2ff52ef00cac93e2630","name":"Ann Cloet","image":{"@type":"ImageObject","inLanguage":"fr-FR","@id":"https:\/\/i0.wp.com\/cloetann.be\/wp-content\/uploads\/2024\/12\/cropped-468530042_600283475850416_3423630772068109783_n-1-1.jpg?fit=280%2C284&ssl=1","url":"https:\/\/i0.wp.com\/cloetann.be\/wp-content\/uploads\/2024\/12\/cropped-468530042_600283475850416_3423630772068109783_n-1-1.jpg?fit=280%2C284&ssl=1","contentUrl":"https:\/\/i0.wp.com\/cloetann.be\/wp-content\/uploads\/2024\/12\/cropped-468530042_600283475850416_3423630772068109783_n-1-1.jpg?fit=280%2C284&ssl=1","width":280,"height":284,"caption":"Ann Cloet"},"logo":{"@id":"https:\/\/i0.wp.com\/cloetann.be\/wp-content\/uploads\/2024\/12\/cropped-468530042_600283475850416_3423630772068109783_n-1-1.jpg?fit=280%2C284&ssl=1"},"description":"Future bourgmestre \u00e0 la ville de Mouscron","sameAs":["http:\/\/cloetann.be","https:\/\/www.facebook.com\/Cloet.Ann.Mouscron"]}]}},"jetpack-related-posts":[],"jetpack_sharing_enabled":true,"_links":{"self":[{"href":"https:\/\/cloetann.be\/index.php\/wp-json\/wp\/v2\/pages\/2","targetHints":{"allow":["GET"]}}],"collection":[{"href":"https:\/\/cloetann.be\/index.php\/wp-json\/wp\/v2\/pages"}],"about":[{"href":"https:\/\/cloetann.be\/index.php\/wp-json\/wp\/v2\/types\/page"}],"author":[{"embeddable":true,"href":"https:\/\/cloetann.be\/index.php\/wp-json\/wp\/v2\/users\/1"}],"replies":[{"embeddable":true,"href":"https:\/\/cloetann.be\/index.php\/wp-json\/wp\/v2\/comments?post=2"}],"version-history":[{"count":30,"href":"https:\/\/cloetann.be\/index.php\/wp-json\/wp\/v2\/pages\/2\/revisions"}],"predecessor-version":[{"id":678,"href":"https:\/\/cloetann.be\/index.php\/wp-json\/wp\/v2\/pages\/2\/revisions\/678"}],"wp:attachment":[{"href":"https:\/\/cloetann.be\/index.php\/wp-json\/wp\/v2\/media?parent=2"}],"curies":[{"name":"wp","href":"https:\/\/api.w.org\/{rel}","templated":true}]}}